{"id":48,"date":"2019-02-21T15:48:24","date_gmt":"2019-02-21T14:48:24","guid":{"rendered":"http:\/\/mlc-location.be\/?page_id=48"},"modified":"2019-02-25T16:48:15","modified_gmt":"2019-02-25T15:48:15","slug":"qui-sommes-nous","status":"publish","type":"page","link":"https:\/\/mlc-location.be\/?page_id=48","title":{"rendered":"A propos"},"content":{"rendered":"\n<p>Situ\u00e9 \u00e0 Herve, nous louons des ch\u00e2teaux gonflables pour animer vos anniversaires, communions, mariages, f\u00eates de famille, fancy fair, etc.<\/p>\n<p>La majorit\u00e9 de nos structures gonflables sont \u00ab\u00a0\u00e0 emporter\u00a0\u00bb pour ceux qui d\u00e9sirent \u00e9conomiser sur les frais de livraisons ou en livraison et installation tout compris.<\/p>\n<p>Nous vous conseillerons sur le choix d&rsquo;une structure adapt\u00e9e \u00e0 vos besoins.\u00a0<\/p>\n<p>N&rsquo;h\u00e9sitez pas \u00e0 nous contacter pour nous demander un conseil.<\/p>\n<p>\u00a0<\/p>\n","protected":false},"excerpt":{"rendered":"<p>Situ\u00e9 \u00e0 Herve, nous louons des ch\u00e2teaux gonflables pour animer vos anniversaires, communions, mariages, f\u00eates de famille, fancy fair, etc. La majorit\u00e9 de nos structures gonflables sont \u00ab\u00a0\u00e0 emporter\u00a0\u00bb pour ceux qui d\u00e9sirent \u00e9conomiser sur les frais de livraisons ou en livraison et installation tout compris. Nous vous conseillerons sur le choix d&rsquo;une structure adapt\u00e9e [&hellip;]<\/p>\n","protected":false},"author":1,"featured_media":0,"parent":0,"menu_order":0,"comment_status":"closed","ping_status":"closed","template":"","meta":{"footnotes":""},"_links":{"self":[{"href":"https:\/\/mlc-location.be\/index.php?rest_route=\/wp\/v2\/pages\/48"}],"collection":[{"href":"https:\/\/mlc-location.be\/index.php?rest_route=\/wp\/v2\/pages"}],"about":[{"href":"https:\/\/mlc-location.be\/index.php?rest_route=\/wp\/v2\/types\/page"}],"author":[{"embeddable":true,"href":"https:\/\/mlc-location.be\/index.php?rest_route=\/wp\/v2\/users\/1"}],"replies":[{"embeddable":true,"href":"https:\/\/mlc-location.be\/index.php?rest_route=%2Fwp%2Fv2%2Fcomments&post=48"}],"version-history":[{"count":4,"href":"https:\/\/mlc-location.be\/index.php?rest_route=\/wp\/v2\/pages\/48\/revisions"}],"predecessor-version":[{"id":208,"href":"https:\/\/mlc-location.be\/index.php?rest_route=\/wp\/v2\/pages\/48\/revisions\/208"}],"wp:attachment":[{"href":"https:\/\/mlc-location.be\/index.php?rest_route=%2Fwp%2Fv2%2Fmedia&parent=48"}],"curies":[{"name":"wp","href":"https:\/\/api.w.org\/{rel}","templated":true}]}}